{"id":149,"date":"2020-05-11T15:06:35","date_gmt":"2020-05-11T12:06:35","guid":{"rendered":"https:\/\/ankarawebyazilim.net\/?page_id=149"},"modified":"2021-06-26T13:12:53","modified_gmt":"2021-06-26T10:12:53","slug":"vizyonumuz","status":"publish","type":"page","link":"https:\/\/assanasp.com.tr\/index.php\/vizyonumuz\/","title":{"rendered":"Vizyonumuz"},"content":{"rendered":"\t\t<div data-elementor-type=\"wp-page\" data-elementor-id=\"149\" class=\"elementor elementor-149\">\n\t\t\t\t\t\t<div class=\"elementor-inner\">\n\t\t\t\t<div class=\"elementor-section-wrap\">\n\t\t\t\t\t\t\t\t\t<section class=\"has_eae_slider elementor-section elementor-top-section elementor-element elementor-element-3f4bf87 elementor-section-stretched elementor-section-full_width elementor-section-height-min-height animated-slow elementor-section-height-default elementor-section-items-middle elementor-invisible\" data-id=\"3f4bf87\" data-element_type=\"section\" data-settings=\"{&quot;stretch_section&quot;:&quot;section-stretched&quot;,&quot;background_background&quot;:&quot;classic&quot;,&quot;animation&quot;:&quot;fadeIn&quot;}\">\n\t\t\t\t\t\t\t<div class=\"elementor-background-overlay\"><\/div>\n\t\t\t\t\t\t\t<div class=\"elementor-container elementor-column-gap-default\">\n\t\t\t\t\t\t\t<div class=\"elementor-row\">\n\t\t\t\t\t<div class=\"has_eae_slider elementor-column elementor-col-100 elementor-top-column elementor-element elementor-element-2ce4903\" data-id=\"2ce4903\" data-element_type=\"column\">\n\t\t\t<div class=\"elementor-column-wrap elementor-element-populated\">\n\t\t\t\t\t\t\t<div class=\"elementor-widget-wrap\">\n\t\t\t\t\t\t<div class=\"elementor-element elementor-element-8ad83d3 elementor-widget elementor-widget-heading\" data-id=\"8ad83d3\" data-element_type=\"widget\" data-widget_type=\"heading.default\">\n\t\t\t\t<div class=\"elementor-widget-container\">\n\t\t\t<h2 class=\"elementor-heading-title elementor-size-default\">ASSANASP<br>V\u0130ZYONU<\/h2>\t\t<\/div>\n\t\t\t\t<\/div>\n\t\t\t\t\t\t<\/div>\n\t\t\t\t\t<\/div>\n\t\t<\/div>\n\t\t\t\t\t\t\t\t<\/div>\n\t\t\t\t\t<\/div>\n\t\t<\/section>\n\t\t\t\t<section class=\"has_eae_slider elementor-section elementor-top-section elementor-element elementor-element-94c2b8d elementor-section-boxed elementor-section-height-default elementor-section-height-default\" data-id=\"94c2b8d\" data-element_type=\"section\" data-settings=\"{&quot;background_background&quot;:&quot;gradient&quot;}\">\n\t\t\t\t\t\t\t<div class=\"elementor-background-overlay\"><\/div>\n\t\t\t\t\t\t\t<div class=\"elementor-container elementor-column-gap-default\">\n\t\t\t\t\t\t\t<div class=\"elementor-row\">\n\t\t\t\t\t<div class=\"has_eae_slider elementor-column elementor-col-100 elementor-top-column elementor-element elementor-element-64dabce\" data-id=\"64dabce\" data-element_type=\"column\">\n\t\t\t<div class=\"elementor-column-wrap elementor-element-populated\">\n\t\t\t\t\t\t\t<div class=\"elementor-widget-wrap\">\n\t\t\t\t\t\t<div class=\"elementor-element elementor-element-a5262dd elementor-widget elementor-widget-image\" data-id=\"a5262dd\" data-element_type=\"widget\" data-widget_type=\"image.default\">\n\t\t\t\t<div class=\"elementor-widget-container\">\n\t\t\t\t\t\t\t\t<div class=\"elementor-image\">\n\t\t\t\t\t\t\t\t\t\t\t\t<img width=\"512\" height=\"512\" src=\"https:\/\/assanasp.com.tr\/wp-content\/uploads\/2020\/06\/amblem.png\" class=\"attachment-large size-large\" alt=\"\" loading=\"lazy\" srcset=\"https:\/\/assanasp.com.tr\/wp-content\/uploads\/2020\/06\/amblem.png 512w, https:\/\/assanasp.com.tr\/wp-content\/uploads\/2020\/06\/amblem-300x300.png 300w, https:\/\/assanasp.com.tr\/wp-content\/uploads\/2020\/06\/amblem-150x150.png 150w\" sizes=\"(max-width: 512px) 100vw, 512px\" \/>\t\t\t\t\t\t\t\t\t\t\t\t\t\t<\/div>\n\t\t\t\t\t\t<\/div>\n\t\t\t\t<\/div>\n\t\t\t\t<div class=\"elementor-element elementor-element-7328015 animated-slow elementor-invisible elementor-widget elementor-widget-heading\" data-id=\"7328015\" data-element_type=\"widget\" data-settings=\"{&quot;_animation&quot;:&quot;fadeIn&quot;}\" data-widget_type=\"heading.default\">\n\t\t\t\t<div class=\"elementor-widget-container\">\n\t\t\t<h2 class=\"elementor-heading-title elementor-size-default\">HER ZAMAN EN \u0130Y\u0130S\u0130 <br>OLMAK \u0130\u00c7\u0130N \u00c7ALISACAGIMIZA <br>S\u00d6Z VERD\u0130K<\/h2>\t\t<\/div>\n\t\t\t\t<\/div>\n\t\t\t\t<div class=\"elementor-element elementor-element-5d31288 elementor-widget elementor-widget-spacer\" data-id=\"5d31288\" data-element_type=\"widget\" data-widget_type=\"spacer.default\">\n\t\t\t\t<div class=\"elementor-widget-container\">\n\t\t\t\t\t<div class=\"elementor-spacer\">\n\t\t\t<div class=\"elementor-spacer-inner\"><\/div>\n\t\t<\/div>\n\t\t\t\t<\/div>\n\t\t\t\t<\/div>\n\t\t\t\t<div class=\"elementor-element elementor-element-748e777 animated-slow elementor-invisible elementor-widget elementor-widget-text-editor\" data-id=\"748e777\" data-element_type=\"widget\" data-settings=\"{&quot;_animation&quot;:&quot;fadeIn&quot;}\" data-widget_type=\"text-editor.default\">\n\t\t\t\t<div class=\"elementor-widget-container\">\n\t\t\t\t\t\t\t\t<div class=\"elementor-text-editor elementor-clearfix\">\n\t\t\t\t<p>Ara\u015ft\u0131rma, geli\u015ftirme ve savunma sanayinde teknolojiyi \u00fcreten lider bir firma olman\u0131n yan\u0131 s\u0131ra, vizyonumuz, sundu\u011fumuz her bir alanda, performans ve ba\u015far\u0131lar\u0131 nedeniyle g\u00fcvenilir ve istikrarl\u0131 bir marka olmakt\u0131r.<\/p>\t\t\t\t\t<\/div>\n\t\t\t\t\t\t<\/div>\n\t\t\t\t<\/div>\n\t\t\t\t<div class=\"elementor-element elementor-element-e7b236f elementor-widget elementor-widget-spacer\" data-id=\"e7b236f\" data-element_type=\"widget\" data-widget_type=\"spacer.default\">\n\t\t\t\t<div class=\"elementor-widget-container\">\n\t\t\t\t\t<div class=\"elementor-spacer\">\n\t\t\t<div class=\"elementor-spacer-inner\"><\/div>\n\t\t<\/div>\n\t\t\t\t<\/div>\n\t\t\t\t<\/div>\n\t\t\t\t<div class=\"elementor-element elementor-element-a7b1121 elementor-widget elementor-widget-spacer\" data-id=\"a7b1121\" data-element_type=\"widget\" data-widget_type=\"spacer.default\">\n\t\t\t\t<div class=\"elementor-widget-container\">\n\t\t\t\t\t<div class=\"elementor-spacer\">\n\t\t\t<div class=\"elementor-spacer-inner\"><\/div>\n\t\t<\/div>\n\t\t\t\t<\/div>\n\t\t\t\t<\/div>\n\t\t\t\t\t\t<\/div>\n\t\t\t\t\t<\/div>\n\t\t<\/div>\n\t\t\t\t\t\t\t\t<\/div>\n\t\t\t\t\t<\/div>\n\t\t<\/section>\n\t\t\t\t\t\t\t\t\t<\/div>\n\t\t\t<\/div>\n\t\t\t\t\t<\/div>\n\t\t","protected":false},"excerpt":{"rendered":"<p>ASSANASPV\u0130ZYONU HER ZAMAN EN \u0130Y\u0130S\u0130 OLMAK \u0130\u00c7\u0130N \u00c7ALISACAGIMIZA S\u00d6Z VERD\u0130K Ara\u015ft\u0131rma, geli\u015ftirme ve savunma sanayinde teknolojiyi \u00fcreten lider bir firma olman\u0131n yan\u0131 s\u0131ra, vizyonumuz, sundu\u011fumuz her bir alanda, performans ve ba\u015far\u0131lar\u0131 nedeniyle g\u00fcvenilir ve istikrarl\u0131 bir marka olmakt\u0131r.<\/p>\n","protected":false},"author":1,"featured_media":0,"parent":0,"menu_order":0,"comment_status":"closed","ping_status":"closed","template":"elementor_header_footer","meta":[],"_links":{"self":[{"href":"https:\/\/assanasp.com.tr\/index.php\/wp-json\/wp\/v2\/pages\/149"}],"collection":[{"href":"https:\/\/assanasp.com.tr\/index.php\/wp-json\/wp\/v2\/pages"}],"about":[{"href":"https:\/\/assanasp.com.tr\/index.php\/wp-json\/wp\/v2\/types\/page"}],"author":[{"embeddable":true,"href":"https:\/\/assanasp.com.tr\/index.php\/wp-json\/wp\/v2\/users\/1"}],"replies":[{"embeddable":true,"href":"https:\/\/assanasp.com.tr\/index.php\/wp-json\/wp\/v2\/comments?post=149"}],"version-history":[{"count":30,"href":"https:\/\/assanasp.com.tr\/index.php\/wp-json\/wp\/v2\/pages\/149\/revisions"}],"predecessor-version":[{"id":2266,"href":"https:\/\/assanasp.com.tr\/index.php\/wp-json\/wp\/v2\/pages\/149\/revisions\/2266"}],"wp:attachment":[{"href":"https:\/\/assanasp.com.tr\/index.php\/wp-json\/wp\/v2\/media?parent=149"}],"curies":[{"name":"wp","href":"https:\/\/api.w.org\/{rel}","templated":true}]}}