{"id":1897,"date":"2020-06-01T17:06:43","date_gmt":"2020-06-01T14:06:43","guid":{"rendered":"http:\/\/assanasp.com.tr\/?page_id=1897"},"modified":"2022-08-02T16:34:07","modified_gmt":"2022-08-02T13:34:07","slug":"makina-satis-ve-kiralama","status":"publish","type":"page","link":"https:\/\/assanasp.com.tr\/index.php\/makina-satis-ve-kiralama\/","title":{"rendered":"Makina Sat\u0131\u015f ve Kiralama"},"content":{"rendered":"\t\t<div data-elementor-type=\"wp-page\" data-elementor-id=\"1897\" class=\"elementor elementor-1897\">\n\t\t\t\t\t\t<div class=\"elementor-inner\">\n\t\t\t\t<div class=\"elementor-section-wrap\">\n\t\t\t\t\t\t\t\t\t<section class=\"has_eae_slider elementor-section elementor-top-section elementor-element elementor-element-4419e30 elementor-section-stretched elementor-section-full_width elementor-section-height-min-height elementor-section-height-default elementor-section-items-middle\" data-id=\"4419e30\" data-element_type=\"section\" data-settings=\"{&quot;stretch_section&quot;:&quot;section-stretched&quot;,&quot;background_background&quot;:&quot;classic&quot;}\">\n\t\t\t\t\t\t\t<div class=\"elementor-background-overlay\"><\/div>\n\t\t\t\t\t\t\t<div class=\"elementor-container elementor-column-gap-default\">\n\t\t\t\t\t\t\t<div class=\"elementor-row\">\n\t\t\t\t\t<div class=\"has_eae_slider elementor-column elementor-col-100 elementor-top-column elementor-element elementor-element-7cbb7b3\" data-id=\"7cbb7b3\" data-element_type=\"column\">\n\t\t\t<div class=\"elementor-column-wrap elementor-element-populated\">\n\t\t\t\t\t\t\t<div class=\"elementor-widget-wrap\">\n\t\t\t\t\t\t<div class=\"elementor-element elementor-element-14aeae2 elementor-widget elementor-widget-heading\" data-id=\"14aeae2\" data-element_type=\"widget\" data-widget_type=\"heading.default\">\n\t\t\t\t<div class=\"elementor-widget-container\">\n\t\t\t<h2 class=\"elementor-heading-title elementor-size-default\">MAK\u0130NA SATIs ve K\u0130RALAMA<\/h2>\t\t<\/div>\n\t\t\t\t<\/div>\n\t\t\t\t\t\t<\/div>\n\t\t\t\t\t<\/div>\n\t\t<\/div>\n\t\t\t\t\t\t\t\t<\/div>\n\t\t\t\t\t<\/div>\n\t\t<\/section>\n\t\t\t\t<section class=\"has_eae_slider elementor-section elementor-top-section elementor-element elementor-element-182e68c elementor-section-boxed elementor-section-height-default elementor-section-height-default\" data-id=\"182e68c\" data-element_type=\"section\" data-settings=\"{&quot;background_background&quot;:&quot;gradient&quot;}\">\n\t\t\t\t\t\t\t<div class=\"elementor-background-overlay\"><\/div>\n\t\t\t\t\t\t\t<div class=\"elementor-container elementor-column-gap-default\">\n\t\t\t\t\t\t\t<div class=\"elementor-row\">\n\t\t\t\t\t<div class=\"has_eae_slider elementor-column elementor-col-100 elementor-top-column elementor-element elementor-element-42e4734\" data-id=\"42e4734\" data-element_type=\"column\">\n\t\t\t<div class=\"elementor-column-wrap elementor-element-populated\">\n\t\t\t\t\t\t\t<div class=\"elementor-widget-wrap\">\n\t\t\t\t\t\t<div class=\"elementor-element elementor-element-a9bf6ea elementor-widget elementor-widget-image\" data-id=\"a9bf6ea\" data-element_type=\"widget\" data-widget_type=\"image.default\">\n\t\t\t\t<div class=\"elementor-widget-container\">\n\t\t\t\t\t\t\t\t<div class=\"elementor-image\">\n\t\t\t\t\t\t\t\t\t\t\t\t<img width=\"512\" height=\"512\" src=\"https:\/\/assanasp.com.tr\/wp-content\/uploads\/2020\/06\/amblem.png\" class=\"attachment-large size-large\" alt=\"\" loading=\"lazy\" srcset=\"https:\/\/assanasp.com.tr\/wp-content\/uploads\/2020\/06\/amblem.png 512w, https:\/\/assanasp.com.tr\/wp-content\/uploads\/2020\/06\/amblem-300x300.png 300w, https:\/\/assanasp.com.tr\/wp-content\/uploads\/2020\/06\/amblem-150x150.png 150w\" sizes=\"(max-width: 512px) 100vw, 512px\" \/>\t\t\t\t\t\t\t\t\t\t\t\t\t\t<\/div>\n\t\t\t\t\t\t<\/div>\n\t\t\t\t<\/div>\n\t\t\t\t<div class=\"elementor-element elementor-element-77525cb elementor-widget elementor-widget-heading\" data-id=\"77525cb\" data-element_type=\"widget\" data-widget_type=\"heading.default\">\n\t\t\t\t<div class=\"elementor-widget-container\">\n\t\t\t<h2 class=\"elementor-heading-title elementor-size-default\">G\u00fc\u00e7l\u00fc \u00dcretim Y\u00fcksek Kalite<\/h2>\t\t<\/div>\n\t\t\t\t<\/div>\n\t\t\t\t\t\t<\/div>\n\t\t\t\t\t<\/div>\n\t\t<\/div>\n\t\t\t\t\t\t\t\t<\/div>\n\t\t\t\t\t<\/div>\n\t\t<\/section>\n\t\t\t\t<section class=\"has_eae_slider elementor-section elementor-top-section elementor-element elementor-element-f513133 elementor-section-boxed elementor-section-height-default elementor-section-height-default\" data-id=\"f513133\" data-element_type=\"section\" data-settings=\"{&quot;background_background&quot;:&quot;classic&quot;}\">\n\t\t\t\t\t\t<div class=\"elementor-container elementor-column-gap-default\">\n\t\t\t\t\t\t\t<div class=\"elementor-row\">\n\t\t\t\t\t<div class=\"has_eae_slider elementor-column elementor-col-100 elementor-top-column elementor-element elementor-element-381f10d\" data-id=\"381f10d\" data-element_type=\"column\">\n\t\t\t<div class=\"elementor-column-wrap elementor-element-populated\">\n\t\t\t\t\t\t\t<div class=\"elementor-widget-wrap\">\n\t\t\t\t\t\t<div class=\"elementor-element elementor-element-61bbfcb elementor-widget elementor-widget-text-editor\" data-id=\"61bbfcb\" data-element_type=\"widget\" data-widget_type=\"text-editor.default\">\n\t\t\t\t<div class=\"elementor-widget-container\">\n\t\t\t\t\t\t\t\t<div class=\"elementor-text-editor elementor-clearfix\">\n\t\t\t\t<p>Assanasp bak\u0131m, onar\u0131m, servis hizmeti yan\u0131 s\u0131ra ihtiyaca y\u00f6nelik i\u015f makinesi sat\u0131\u015f ve kiralama sa\u011flamaktad\u0131r.<\/p>\t\t\t\t\t<\/div>\n\t\t\t\t\t\t<\/div>\n\t\t\t\t<\/div>\n\t\t\t\t\t\t<\/div>\n\t\t\t\t\t<\/div>\n\t\t<\/div>\n\t\t\t\t\t\t\t\t<\/div>\n\t\t\t\t\t<\/div>\n\t\t<\/section>\n\t\t\t\t<section class=\"has_eae_slider elementor-section elementor-top-section elementor-element elementor-element-b1705ad elementor-section-boxed elementor-section-height-default elementor-section-height-default\" data-id=\"b1705ad\" data-element_type=\"section\" data-settings=\"{&quot;background_background&quot;:&quot;classic&quot;}\">\n\t\t\t\t\t\t<div class=\"elementor-container elementor-column-gap-default\">\n\t\t\t\t\t\t\t<div class=\"elementor-row\">\n\t\t\t\t\t<div class=\"has_eae_slider elementor-column elementor-col-100 elementor-top-column elementor-element elementor-element-a4738da\" data-id=\"a4738da\" data-element_type=\"column\">\n\t\t\t<div class=\"elementor-column-wrap elementor-element-populated\">\n\t\t\t\t\t\t\t<div class=\"elementor-widget-wrap\">\n\t\t\t\t\t\t<div class=\"elementor-element elementor-element-ceb2378 elementor-widget elementor-widget-heading\" data-id=\"ceb2378\" data-element_type=\"widget\" data-widget_type=\"heading.default\">\n\t\t\t\t<div class=\"elementor-widget-container\">\n\t\t\t<h2 class=\"elementor-heading-title elementor-size-default\">\u0130\u015e MAK\u0130NELER\u0130<\/h2>\t\t<\/div>\n\t\t\t\t<\/div>\n\t\t\t\t\t\t<\/div>\n\t\t\t\t\t<\/div>\n\t\t<\/div>\n\t\t\t\t\t\t\t\t<\/div>\n\t\t\t\t\t<\/div>\n\t\t<\/section>\n\t\t\t\t<section class=\"has_eae_slider elementor-section elementor-top-section elementor-element elementor-element-238969c elementor-section-full_width elementor-section-height-default elementor-section-height-default\" data-id=\"238969c\" data-element_type=\"section\" data-settings=\"{&quot;background_background&quot;:&quot;classic&quot;}\">\n\t\t\t\t\t\t<div class=\"elementor-container elementor-column-gap-default\">\n\t\t\t\t\t\t\t<div class=\"elementor-row\">\n\t\t\t\t\t<div class=\"has_eae_slider elementor-column elementor-col-100 elementor-top-column elementor-element elementor-element-05e9b40\" data-id=\"05e9b40\" data-element_type=\"column\">\n\t\t\t<div class=\"elementor-column-wrap elementor-element-populated\">\n\t\t\t\t\t\t\t<div class=\"elementor-widget-wrap\">\n\t\t\t\t\t\t<div class=\"elementor-element elementor-element-6a10a12 elementor-widget elementor-widget-html\" data-id=\"6a10a12\" data-element_type=\"widget\" data-widget_type=\"html.default\">\n\t\t\t\t<div class=\"elementor-widget-container\">\n\t\t\t<iframe height=\"900\" src=\"http:\/\/assanasp.com.tr\/sahibinden\/\" ><\/iframe>\r\n\t\t<\/div>\n\t\t\t\t<\/div>\n\t\t\t\t\t\t<\/div>\n\t\t\t\t\t<\/div>\n\t\t<\/div>\n\t\t\t\t\t\t\t\t<\/div>\n\t\t\t\t\t<\/div>\n\t\t<\/section>\n\t\t\t\t<section data-eae-particle=\"{\n  &quot;particles&quot;: {\n    &quot;number&quot;: {\n      &quot;value&quot;: 80,\n      &quot;density&quot;: {\n        &quot;enable&quot;: true,\n        &quot;value_area&quot;: 800\n      }\n    },\n    &quot;color&quot;: {\n      &quot;value&quot;: &quot;#ffffff&quot;\n    },\n    &quot;shape&quot;: {\n      &quot;type&quot;: &quot;circle&quot;,\n      &quot;stroke&quot;: {\n        &quot;width&quot;: 0,\n        &quot;color&quot;: &quot;#000000&quot;\n      },\n      &quot;polygon&quot;: {\n        &quot;nb_sides&quot;: 5\n      },\n      &quot;image&quot;: {\n        &quot;src&quot;: &quot;img\/github.svg&quot;,\n        &quot;width&quot;: 100,\n        &quot;height&quot;: 100\n      }\n    },\n    &quot;opacity&quot;: {\n      &quot;value&quot;: 0.5,\n      &quot;random&quot;: false,\n      &quot;anim&quot;: {\n        &quot;enable&quot;: false,\n        &quot;speed&quot;: 1,\n        &quot;opacity_min&quot;: 0.1,\n        &quot;sync&quot;: false\n      }\n    },\n    &quot;size&quot;: {\n      &quot;value&quot;: 3,\n      &quot;random&quot;: true,\n      &quot;anim&quot;: {\n        &quot;enable&quot;: false,\n        &quot;speed&quot;: 40,\n        &quot;size_min&quot;: 0.1,\n        &quot;sync&quot;: false\n      }\n    },\n    &quot;line_linked&quot;: {\n      &quot;enable&quot;: true,\n      &quot;distance&quot;: 150,\n      &quot;color&quot;: &quot;#ffffff&quot;,\n      &quot;opacity&quot;: 0.4,\n      &quot;width&quot;: 1\n    },\n    &quot;move&quot;: {\n      &quot;enable&quot;: true,\n      &quot;speed&quot;: 6,\n      &quot;direction&quot;: &quot;none&quot;,\n      &quot;random&quot;: false,\n      &quot;straight&quot;: false,\n      &quot;out_mode&quot;: &quot;out&quot;,\n      &quot;bounce&quot;: false,\n      &quot;attract&quot;: {\n        &quot;enable&quot;: false,\n        &quot;rotateX&quot;: 600,\n        &quot;rotateY&quot;: 1200\n      }\n    }\n  },\n  &quot;interactivity&quot;: {\n    &quot;detect_on&quot;: &quot;canvas&quot;,\n    &quot;events&quot;: {\n      &quot;onhover&quot;: {\n        &quot;enable&quot;: true,\n        &quot;mode&quot;: &quot;repulse&quot;\n      },\n      &quot;onclick&quot;: {\n        &quot;enable&quot;: true,\n        &quot;mode&quot;: &quot;push&quot;\n      },\n      &quot;resize&quot;: true\n    },\n    &quot;modes&quot;: {\n      &quot;grab&quot;: {\n        &quot;distance&quot;: 400,\n        &quot;line_linked&quot;: {\n          &quot;opacity&quot;: 1\n        }\n      },\n      &quot;bubble&quot;: {\n        &quot;distance&quot;: 400,\n        &quot;size&quot;: 40,\n        &quot;duration&quot;: 2,\n        &quot;opacity&quot;: 8,\n        &quot;speed&quot;: 3\n      },\n      &quot;repulse&quot;: {\n        &quot;distance&quot;: 200,\n        &quot;duration&quot;: 0.4\n      },\n      &quot;push&quot;: {\n        &quot;particles_nb&quot;: 4\n      },\n      &quot;remove&quot;: {\n        &quot;particles_nb&quot;: 2\n      }\n    }\n  },\n  &quot;retina_detect&quot;: true\n}\" class=\"has_eae_slider elementor-section elementor-top-section elementor-element elementor-element-0281516 elementor-section-full_width eae-particle-yes elementor-section-height-default elementor-section-height-default\" data-id=\"0281516\" data-element_type=\"section\" data-settings=\"{&quot;background_background&quot;:&quot;classic&quot;}\">\n\t\t\t\t\t\t<div class=\"elementor-container elementor-column-gap-default\">\n\t\t\t\t\t\t\t<div class=\"elementor-row\">\n\t\t\t\t\t<div class=\"has_eae_slider elementor-column elementor-col-100 elementor-top-column elementor-element elementor-element-4c89ffb\" data-id=\"4c89ffb\" data-element_type=\"column\">\n\t\t\t<div class=\"elementor-column-wrap elementor-element-populated\">\n\t\t\t\t\t\t\t<div class=\"elementor-widget-wrap\">\n\t\t\t\t\t\t<div class=\"elementor-element elementor-element-19eceea elementor-pagination-position-inside elementor-skin-carousel elementor-arrows-yes elementor-pagination-type-bullets elementor-widget elementor-widget-media-carousel\" data-id=\"19eceea\" data-element_type=\"widget\" data-settings=\"{&quot;space_between&quot;:{&quot;unit&quot;:&quot;px&quot;,&quot;size&quot;:50,&quot;sizes&quot;:[]},&quot;skin&quot;:&quot;carousel&quot;,&quot;effect&quot;:&quot;slide&quot;,&quot;show_arrows&quot;:&quot;yes&quot;,&quot;pagination&quot;:&quot;bullets&quot;,&quot;speed&quot;:500,&quot;autoplay&quot;:&quot;yes&quot;,&quot;autoplay_speed&quot;:5000,&quot;loop&quot;:&quot;yes&quot;,&quot;pause_on_hover&quot;:&quot;yes&quot;,&quot;pause_on_interaction&quot;:&quot;yes&quot;,&quot;space_between_tablet&quot;:{&quot;unit&quot;:&quot;px&quot;,&quot;size&quot;:10,&quot;sizes&quot;:[]},&quot;space_between_mobile&quot;:{&quot;unit&quot;:&quot;px&quot;,&quot;size&quot;:10,&quot;sizes&quot;:[]}}\" data-widget_type=\"media-carousel.default\">\n\t\t\t\t<div class=\"elementor-widget-container\">\n\t\t\t\t\t<div class=\"elementor-swiper\">\n\t\t\t<div class=\"elementor-main-swiper swiper-container\">\n\t\t\t\t<div class=\"swiper-wrapper\">\n\t\t\t\t\t\t\t\t\t\t\t<div class=\"swiper-slide\">\n\t\t\t\t\t\t\t<a href=\"http:\/\/assanasp.com.tr\/wp-content\/uploads\/2020\/05\/arge-11.jpg\" data-elementor-open-lightbox=\"yes\" data-elementor-lightbox-slideshow=\"19eceea\" data-elementor-lightbox-title=\"assanasp\" e-action-hash=\"#elementor-action%3Aaction%3Dlightbox%26settings%3DeyJpZCI6MTI1OCwidXJsIjoiaHR0cHM6XC9cL2Fzc2FuYXNwLmNvbS50clwvd3AtY29udGVudFwvdXBsb2Fkc1wvMjAyMFwvMDVcL2FyZ2UtMTEuanBnIiwic2xpZGVzaG93IjoiMTllY2VlYSJ9\">\t\t<div class=\"elementor-carousel-image\" style=\"background-image: url(https:\/\/assanasp.com.tr\/wp-content\/uploads\/2020\/05\/arge-11.jpg)\">\n\t\t\t\t\t<\/div>\n\t\t<\/a>\t\t\t\t\t\t<\/div>\n\t\t\t\t\t\t\t\t\t\t\t<div class=\"swiper-slide\">\n\t\t\t\t\t\t\t<a href=\"http:\/\/assanasp.com.tr\/wp-content\/uploads\/2020\/05\/arge-10.jpg\" data-elementor-open-lightbox=\"yes\" data-elementor-lightbox-slideshow=\"19eceea\" data-elementor-lightbox-title=\"assanasp\" e-action-hash=\"#elementor-action%3Aaction%3Dlightbox%26settings%3DeyJpZCI6MTI1NywidXJsIjoiaHR0cHM6XC9cL2Fzc2FuYXNwLmNvbS50clwvd3AtY29udGVudFwvdXBsb2Fkc1wvMjAyMFwvMDVcL2FyZ2UtMTAuanBnIiwic2xpZGVzaG93IjoiMTllY2VlYSJ9\">\t\t<div class=\"elementor-carousel-image\" style=\"background-image: url(https:\/\/assanasp.com.tr\/wp-content\/uploads\/2020\/05\/arge-10.jpg)\">\n\t\t\t\t\t<\/div>\n\t\t<\/a>\t\t\t\t\t\t<\/div>\n\t\t\t\t\t\t\t\t\t\t\t<div class=\"swiper-slide\">\n\t\t\t\t\t\t\t<a href=\"http:\/\/assanasp.com.tr\/wp-content\/uploads\/2020\/05\/arge-09.jpg\" data-elementor-open-lightbox=\"yes\" data-elementor-lightbox-slideshow=\"19eceea\" data-elementor-lightbox-title=\"assanasp\" e-action-hash=\"#elementor-action%3Aaction%3Dlightbox%26settings%3DeyJpZCI6MTI1NiwidXJsIjoiaHR0cHM6XC9cL2Fzc2FuYXNwLmNvbS50clwvd3AtY29udGVudFwvdXBsb2Fkc1wvMjAyMFwvMDVcL2FyZ2UtMDkuanBnIiwic2xpZGVzaG93IjoiMTllY2VlYSJ9\">\t\t<div class=\"elementor-carousel-image\" style=\"background-image: url(https:\/\/assanasp.com.tr\/wp-content\/uploads\/2020\/05\/arge-09.jpg)\">\n\t\t\t\t\t<\/div>\n\t\t<\/a>\t\t\t\t\t\t<\/div>\n\t\t\t\t\t\t\t\t\t\t\t<div class=\"swiper-slide\">\n\t\t\t\t\t\t\t<a href=\"http:\/\/assanasp.com.tr\/wp-content\/uploads\/2020\/05\/arge-08.jpg\" data-elementor-open-lightbox=\"yes\" data-elementor-lightbox-slideshow=\"19eceea\" data-elementor-lightbox-title=\"assanasp\" e-action-hash=\"#elementor-action%3Aaction%3Dlightbox%26settings%3DeyJpZCI6MTI1NSwidXJsIjoiaHR0cHM6XC9cL2Fzc2FuYXNwLmNvbS50clwvd3AtY29udGVudFwvdXBsb2Fkc1wvMjAyMFwvMDVcL2FyZ2UtMDguanBnIiwic2xpZGVzaG93IjoiMTllY2VlYSJ9\">\t\t<div class=\"elementor-carousel-image\" style=\"background-image: url(https:\/\/assanasp.com.tr\/wp-content\/uploads\/2020\/05\/arge-08.jpg)\">\n\t\t\t\t\t<\/div>\n\t\t<\/a>\t\t\t\t\t\t<\/div>\n\t\t\t\t\t\t\t\t\t\t\t<div class=\"swiper-slide\">\n\t\t\t\t\t\t\t<a href=\"http:\/\/assanasp.com.tr\/wp-content\/uploads\/2020\/05\/arge-06.jpg\" data-elementor-open-lightbox=\"yes\" data-elementor-lightbox-slideshow=\"19eceea\" data-elementor-lightbox-title=\"assanasp\" e-action-hash=\"#elementor-action%3Aaction%3Dlightbox%26settings%3DeyJpZCI6MTI1MywidXJsIjoiaHR0cHM6XC9cL2Fzc2FuYXNwLmNvbS50clwvd3AtY29udGVudFwvdXBsb2Fkc1wvMjAyMFwvMDVcL2FyZ2UtMDYuanBnIiwic2xpZGVzaG93IjoiMTllY2VlYSJ9\">\t\t<div class=\"elementor-carousel-image\" style=\"background-image: url(https:\/\/assanasp.com.tr\/wp-content\/uploads\/2020\/05\/arge-06.jpg)\">\n\t\t\t\t\t<\/div>\n\t\t<\/a>\t\t\t\t\t\t<\/div>\n\t\t\t\t\t\t\t\t\t\t\t<div class=\"swiper-slide\">\n\t\t\t\t\t\t\t<a href=\"http:\/\/assanasp.com.tr\/wp-content\/uploads\/2020\/05\/arge-05.jpg\" data-elementor-open-lightbox=\"yes\" data-elementor-lightbox-slideshow=\"19eceea\" data-elementor-lightbox-title=\"assanasp\" e-action-hash=\"#elementor-action%3Aaction%3Dlightbox%26settings%3DeyJpZCI6MTI1MiwidXJsIjoiaHR0cHM6XC9cL2Fzc2FuYXNwLmNvbS50clwvd3AtY29udGVudFwvdXBsb2Fkc1wvMjAyMFwvMDVcL2FyZ2UtMDUuanBnIiwic2xpZGVzaG93IjoiMTllY2VlYSJ9\">\t\t<div class=\"elementor-carousel-image\" style=\"background-image: url(https:\/\/assanasp.com.tr\/wp-content\/uploads\/2020\/05\/arge-05.jpg)\">\n\t\t\t\t\t<\/div>\n\t\t<\/a>\t\t\t\t\t\t<\/div>\n\t\t\t\t\t\t\t\t\t<\/div>\n\t\t\t\t\t\t\t\t\t\t\t\t\t\t\t<div class=\"swiper-pagination\"><\/div>\n\t\t\t\t\t\t\t\t\t\t\t\t\t\t\t\t<div class=\"elementor-swiper-button elementor-swiper-button-prev\">\n\t\t\t\t\t\t\t<i aria-hidden=\"true\" class=\"eicon-chevron-left\"><\/i>\t\t\t\t\t\t\t<span class=\"elementor-screen-only\">Previous<\/span>\n\t\t\t\t\t\t<\/div>\n\t\t\t\t\t\t<div class=\"elementor-swiper-button elementor-swiper-button-next\">\n\t\t\t\t\t\t\t<i aria-hidden=\"true\" class=\"eicon-chevron-right\"><\/i>\t\t\t\t\t\t\t<span class=\"elementor-screen-only\">Next<\/span>\n\t\t\t\t\t\t<\/div>\n\t\t\t\t\t\t\t\t\t\t\t\t<\/div>\n\t\t<\/div>\n\t\t\t\t<\/div>\n\t\t\t\t<\/div>\n\t\t\t\t\t\t<\/div>\n\t\t\t\t\t<\/div>\n\t\t<\/div>\n\t\t\t\t\t\t\t\t<\/div>\n\t\t\t\t\t<\/div>\n\t\t<\/section>\n\t\t\t\t\t\t\t\t\t<\/div>\n\t\t\t<\/div>\n\t\t\t\t\t<\/div>\n\t\t","protected":false},"excerpt":{"rendered":"<p>MAK\u0130NA SATIs ve K\u0130RALAMA G\u00fc\u00e7l\u00fc \u00dcretim Y\u00fcksek Kalite Assanasp bak\u0131m, onar\u0131m, servis hizmeti yan\u0131 s\u0131ra ihtiyaca y\u00f6nelik i\u015f makinesi sat\u0131\u015f ve kiralama sa\u011flamaktad\u0131r. \u0130\u015e MAK\u0130NELER\u0130 Previous Next<\/p>\n","protected":false},"author":1,"featured_media":0,"parent":0,"menu_order":0,"comment_status":"closed","ping_status":"closed","template":"elementor_header_footer","meta":[],"_links":{"self":[{"href":"https:\/\/assanasp.com.tr\/index.php\/wp-json\/wp\/v2\/pages\/1897"}],"collection":[{"href":"https:\/\/assanasp.com.tr\/index.php\/wp-json\/wp\/v2\/pages"}],"about":[{"href":"https:\/\/assanasp.com.tr\/index.php\/wp-json\/wp\/v2\/types\/page"}],"author":[{"embeddable":true,"href":"https:\/\/assanasp.com.tr\/index.php\/wp-json\/wp\/v2\/users\/1"}],"replies":[{"embeddable":true,"href":"https:\/\/assanasp.com.tr\/index.php\/wp-json\/wp\/v2\/comments?post=1897"}],"version-history":[{"count":25,"href":"https:\/\/assanasp.com.tr\/index.php\/wp-json\/wp\/v2\/pages\/1897\/revisions"}],"predecessor-version":[{"id":2371,"href":"https:\/\/assanasp.com.tr\/index.php\/wp-json\/wp\/v2\/pages\/1897\/revisions\/2371"}],"wp:attachment":[{"href":"https:\/\/assanasp.com.tr\/index.php\/wp-json\/wp\/v2\/media?parent=1897"}],"curies":[{"name":"wp","href":"https:\/\/api.w.org\/{rel}","templated":true}]}}